{"id":777,"date":"2025-08-04T14:05:00","date_gmt":"2025-08-04T12:05:00","guid":{"rendered":"https:\/\/nicks-autozubehoer.de\/imprint\/"},"modified":"2026-03-19T11:51:11","modified_gmt":"2026-03-19T10:51:11","slug":"imprint","status":"publish","type":"page","link":"https:\/\/nicks-autozubehoer.de\/en\/imprint\/","title":{"rendered":"Imprint"},"content":{"rendered":"<div class=\"wpb-content-wrapper\"><p>[vc_row][vc_column width=&#8221;1\/2&#8243;][vc_column_text css=&#8221;&#8221;]Nicks Autozubeh\u00f6r GmbH<br \/>\nNeue Amberger Stra\u00dfe 2a<br \/>\n92655 Grafenw\u00f6hr<\/p>\n<p>Handelsregister: HRB 6601<br \/>\nRegistergericht: Amtsgericht Weiden i. d. OPf.<\/p>\n<p><strong>Represented by:<\/strong><br \/>\nNick Otte<\/p>\n<h3>Contact<\/h3>\n<p>Phone: 09641 \/ 454 630<br \/>\nFax: 09641 \/ 454 631<br \/>\nEmail: grafenwoehr@nicks-autozubehoer.de<\/p>\n<h3>Sales Tax ID<\/h3>\n<p>Value added tax identification number according to \u00a7 27 a Value Added Tax Act:<br \/>\nDE456479540<\/p>\n<h3>Consumer Dispute Resolution\/Universal Arbitration Board<\/h3>\n<p>We are not willing or obliged to participate in dispute resolution proceedings before a consumer arbitration board.[\/vc_column_text][\/vc_column][vc_column width=&#8221;1\/2&#8243;][vc_column_text css=&#8221;&#8221;]<\/p>\n<h3>Concept &amp; Design<\/h3>\n<p><img loading=\"lazy\" decoding=\"async\" class=\"size-full wp-image-695 alignleft\" src=\"http:\/\/nicks-autozubehoer.de\/wp-content\/uploads\/2025\/08\/Logo-VERESdesign-Impressum.png\" alt=\"Logo of the advertising agency VERESdesign\" width=\"55\" height=\"80\">VERESdesign | Marketing &amp; Design<br \/>\nAdvertising agency from 92655 Grafenw\u00f6hr<br \/>\n<a href=\"https:\/\/veresdesign.de\/\" target=\"_blank\" rel=\"noopener\">www.veresdesign.de<\/a>[\/vc_column_text][\/vc_column][\/vc_row]<\/p>\n<\/div>","protected":false},"excerpt":{"rendered":"<p>[vc_row][vc_column width=&#8221;1\/2&#8243;][vc_column_text css=&#8221;&#8221;]Nicks Autozubeh\u00f6r GmbH Neue Amberger Stra\u00dfe 2a 92655 Grafenw\u00f6hr Handelsregister: HRB 6601 Registergericht: Amtsgericht Weiden i. d. OPf. Represented by: Nick Otte Contact Phone: 09641 \/ 454 630 Fax: 09641 \/ 454 631 Email: grafenwoehr@nicks-autozubehoer.de Sales Tax ID Value added tax identification number according to \u00a7 27 a Value Added Tax Act: DE456479540&hellip;<\/p>\n","protected":false},"author":2,"featured_media":0,"parent":0,"menu_order":0,"comment_status":"closed","ping_status":"closed","template":"","meta":{"footnotes":""},"class_list":["post-777","page","type-page","status-publish","hentry","description-off"],"yoast_head":"<!-- This site is optimized with the Yoast SEO plugin v26.1 - https:\/\/yoast.com\/wordpress\/plugins\/seo\/ -->\n<title>Imprint - Nicks Autozubeh\u00f6r<\/title>\n<meta name=\"robots\" content=\"index, follow, max-snippet:-1, max-image-preview:large, max-video-preview:-1\" \/>\n<link rel=\"canonical\" href=\"https:\/\/nicks-autozubehoer.de\/en\/imprint\/\" \/>\n<meta property=\"og:locale\" content=\"en_US\" \/>\n<meta property=\"og:type\" content=\"article\" \/>\n<meta property=\"og:title\" content=\"Imprint - Nicks Autozubeh\u00f6r\" \/>\n<meta property=\"og:description\" content=\"[vc_row][vc_column width=&#8221;1\/2&#8243;][vc_column_text css=&#8221;&#8221;]Nicks Autozubeh\u00f6r GmbH Neue Amberger Stra\u00dfe 2a 92655 Grafenw\u00f6hr Handelsregister: HRB 6601 Registergericht: Amtsgericht Weiden i. d. OPf. Represented by: Nick Otte Contact Phone: 09641 \/ 454 630 Fax: 09641 \/ 454 631 Email: grafenwoehr@nicks-autozubehoer.de Sales Tax ID Value added tax identification number according to \u00a7 27 a Value Added Tax Act: DE456479540&hellip;\" \/>\n<meta property=\"og:url\" content=\"https:\/\/nicks-autozubehoer.de\/en\/imprint\/\" \/>\n<meta property=\"og:site_name\" content=\"Nicks Autozubeh\u00f6r\" \/>\n<meta property=\"article:publisher\" content=\"https:\/\/www.facebook.com\/profile.php?id=61579377180473\" \/>\n<meta property=\"article:modified_time\" content=\"2026-03-19T10:51:11+00:00\" \/>\n<meta property=\"og:image\" content=\"http:\/\/nicks-autozubehoer.de\/wp-content\/uploads\/2025\/08\/Logo-VERESdesign-Impressum.png\" \/>\n<meta name=\"twitter:card\" content=\"summary_large_image\" \/>\n<meta name=\"twitter:label1\" content=\"Est. reading time\" \/>\n\t<meta name=\"twitter:data1\" content=\"1 minute\" \/>\n<script type=\"application\/ld+json\" class=\"yoast-schema-graph\">{\"@context\":\"https:\/\/schema.org\",\"@graph\":[{\"@type\":\"WebPage\",\"@id\":\"https:\/\/nicks-autozubehoer.de\/en\/imprint\/\",\"url\":\"https:\/\/nicks-autozubehoer.de\/en\/imprint\/\",\"name\":\"Imprint - Nicks Autozubeh\u00f6r\",\"isPartOf\":{\"@id\":\"https:\/\/nicks-autozubehoer.de\/en\/#website\"},\"primaryImageOfPage\":{\"@id\":\"https:\/\/nicks-autozubehoer.de\/en\/imprint\/#primaryimage\"},\"image\":{\"@id\":\"https:\/\/nicks-autozubehoer.de\/en\/imprint\/#primaryimage\"},\"thumbnailUrl\":\"http:\/\/nicks-autozubehoer.de\/wp-content\/uploads\/2025\/08\/Logo-VERESdesign-Impressum.png\",\"datePublished\":\"2025-08-04T12:05:00+00:00\",\"dateModified\":\"2026-03-19T10:51:11+00:00\",\"breadcrumb\":{\"@id\":\"https:\/\/nicks-autozubehoer.de\/en\/imprint\/#breadcrumb\"},\"inLanguage\":\"en-US\",\"potentialAction\":[{\"@type\":\"ReadAction\",\"target\":[\"https:\/\/nicks-autozubehoer.de\/en\/imprint\/\"]}]},{\"@type\":\"ImageObject\",\"inLanguage\":\"en-US\",\"@id\":\"https:\/\/nicks-autozubehoer.de\/en\/imprint\/#primaryimage\",\"url\":\"http:\/\/nicks-autozubehoer.de\/wp-content\/uploads\/2025\/08\/Logo-VERESdesign-Impressum.png\",\"contentUrl\":\"http:\/\/nicks-autozubehoer.de\/wp-content\/uploads\/2025\/08\/Logo-VERESdesign-Impressum.png\"},{\"@type\":\"BreadcrumbList\",\"@id\":\"https:\/\/nicks-autozubehoer.de\/en\/imprint\/#breadcrumb\",\"itemListElement\":[{\"@type\":\"ListItem\",\"position\":1,\"name\":\"Startseite\",\"item\":\"https:\/\/nicks-autozubehoer.de\/en\/\"},{\"@type\":\"ListItem\",\"position\":2,\"name\":\"Imprint\"}]},{\"@type\":\"WebSite\",\"@id\":\"https:\/\/nicks-autozubehoer.de\/en\/#website\",\"url\":\"https:\/\/nicks-autozubehoer.de\/en\/\",\"name\":\"Nicks Autozubeh\u00f6r\",\"description\":\"Grafenw\u00f6hr\",\"publisher\":{\"@id\":\"https:\/\/nicks-autozubehoer.de\/en\/#organization\"},\"potentialAction\":[{\"@type\":\"SearchAction\",\"target\":{\"@type\":\"EntryPoint\",\"urlTemplate\":\"https:\/\/nicks-autozubehoer.de\/en\/?s={search_term_string}\"},\"query-input\":{\"@type\":\"PropertyValueSpecification\",\"valueRequired\":true,\"valueName\":\"search_term_string\"}}],\"inLanguage\":\"en-US\"},{\"@type\":\"Organization\",\"@id\":\"https:\/\/nicks-autozubehoer.de\/en\/#organization\",\"name\":\"Nicks Autozubeh\u00f6r\",\"url\":\"https:\/\/nicks-autozubehoer.de\/en\/\",\"logo\":{\"@type\":\"ImageObject\",\"inLanguage\":\"en-US\",\"@id\":\"https:\/\/nicks-autozubehoer.de\/en\/#\/schema\/logo\/image\/\",\"url\":\"https:\/\/nicks-autozubehoer.de\/wp-content\/uploads\/2025\/08\/Nicks-Autozubehoer-Logo.svg\",\"contentUrl\":\"https:\/\/nicks-autozubehoer.de\/wp-content\/uploads\/2025\/08\/Nicks-Autozubehoer-Logo.svg\",\"width\":577,\"height\":244,\"caption\":\"Nicks Autozubeh\u00f6r\"},\"image\":{\"@id\":\"https:\/\/nicks-autozubehoer.de\/en\/#\/schema\/logo\/image\/\"},\"sameAs\":[\"https:\/\/www.facebook.com\/profile.php?id=61579377180473\",\"https:\/\/www.instagram.com\/nicksautozubehoer\/\"]}]}<\/script>\n<!-- \/ Yoast SEO plugin. -->","yoast_head_json":{"title":"Imprint - Nicks Autozubeh\u00f6r","robots":{"index":"index","follow":"follow","max-snippet":"max-snippet:-1","max-image-preview":"max-image-preview:large","max-video-preview":"max-video-preview:-1"},"canonical":"https:\/\/nicks-autozubehoer.de\/en\/imprint\/","og_locale":"en_US","og_type":"article","og_title":"Imprint - Nicks Autozubeh\u00f6r","og_description":"[vc_row][vc_column width=&#8221;1\/2&#8243;][vc_column_text css=&#8221;&#8221;]Nicks Autozubeh\u00f6r GmbH Neue Amberger Stra\u00dfe 2a 92655 Grafenw\u00f6hr Handelsregister: HRB 6601 Registergericht: Amtsgericht Weiden i. d. OPf. Represented by: Nick Otte Contact Phone: 09641 \/ 454 630 Fax: 09641 \/ 454 631 Email: grafenwoehr@nicks-autozubehoer.de Sales Tax ID Value added tax identification number according to \u00a7 27 a Value Added Tax Act: DE456479540&hellip;","og_url":"https:\/\/nicks-autozubehoer.de\/en\/imprint\/","og_site_name":"Nicks Autozubeh\u00f6r","article_publisher":"https:\/\/www.facebook.com\/profile.php?id=61579377180473","article_modified_time":"2026-03-19T10:51:11+00:00","og_image":[{"url":"http:\/\/nicks-autozubehoer.de\/wp-content\/uploads\/2025\/08\/Logo-VERESdesign-Impressum.png","type":"","width":"","height":""}],"twitter_card":"summary_large_image","twitter_misc":{"Est. reading time":"1 minute"},"schema":{"@context":"https:\/\/schema.org","@graph":[{"@type":"WebPage","@id":"https:\/\/nicks-autozubehoer.de\/en\/imprint\/","url":"https:\/\/nicks-autozubehoer.de\/en\/imprint\/","name":"Imprint - Nicks Autozubeh\u00f6r","isPartOf":{"@id":"https:\/\/nicks-autozubehoer.de\/en\/#website"},"primaryImageOfPage":{"@id":"https:\/\/nicks-autozubehoer.de\/en\/imprint\/#primaryimage"},"image":{"@id":"https:\/\/nicks-autozubehoer.de\/en\/imprint\/#primaryimage"},"thumbnailUrl":"http:\/\/nicks-autozubehoer.de\/wp-content\/uploads\/2025\/08\/Logo-VERESdesign-Impressum.png","datePublished":"2025-08-04T12:05:00+00:00","dateModified":"2026-03-19T10:51:11+00:00","breadcrumb":{"@id":"https:\/\/nicks-autozubehoer.de\/en\/imprint\/#breadcrumb"},"inLanguage":"en-US","potentialAction":[{"@type":"ReadAction","target":["https:\/\/nicks-autozubehoer.de\/en\/imprint\/"]}]},{"@type":"ImageObject","inLanguage":"en-US","@id":"https:\/\/nicks-autozubehoer.de\/en\/imprint\/#primaryimage","url":"http:\/\/nicks-autozubehoer.de\/wp-content\/uploads\/2025\/08\/Logo-VERESdesign-Impressum.png","contentUrl":"http:\/\/nicks-autozubehoer.de\/wp-content\/uploads\/2025\/08\/Logo-VERESdesign-Impressum.png"},{"@type":"BreadcrumbList","@id":"https:\/\/nicks-autozubehoer.de\/en\/imprint\/#breadcrumb","itemListElement":[{"@type":"ListItem","position":1,"name":"Startseite","item":"https:\/\/nicks-autozubehoer.de\/en\/"},{"@type":"ListItem","position":2,"name":"Imprint"}]},{"@type":"WebSite","@id":"https:\/\/nicks-autozubehoer.de\/en\/#website","url":"https:\/\/nicks-autozubehoer.de\/en\/","name":"Nicks Autozubeh\u00f6r","description":"Grafenw\u00f6hr","publisher":{"@id":"https:\/\/nicks-autozubehoer.de\/en\/#organization"},"potentialAction":[{"@type":"SearchAction","target":{"@type":"EntryPoint","urlTemplate":"https:\/\/nicks-autozubehoer.de\/en\/?s={search_term_string}"},"query-input":{"@type":"PropertyValueSpecification","valueRequired":true,"valueName":"search_term_string"}}],"inLanguage":"en-US"},{"@type":"Organization","@id":"https:\/\/nicks-autozubehoer.de\/en\/#organization","name":"Nicks Autozubeh\u00f6r","url":"https:\/\/nicks-autozubehoer.de\/en\/","logo":{"@type":"ImageObject","inLanguage":"en-US","@id":"https:\/\/nicks-autozubehoer.de\/en\/#\/schema\/logo\/image\/","url":"https:\/\/nicks-autozubehoer.de\/wp-content\/uploads\/2025\/08\/Nicks-Autozubehoer-Logo.svg","contentUrl":"https:\/\/nicks-autozubehoer.de\/wp-content\/uploads\/2025\/08\/Nicks-Autozubehoer-Logo.svg","width":577,"height":244,"caption":"Nicks Autozubeh\u00f6r"},"image":{"@id":"https:\/\/nicks-autozubehoer.de\/en\/#\/schema\/logo\/image\/"},"sameAs":["https:\/\/www.facebook.com\/profile.php?id=61579377180473","https:\/\/www.instagram.com\/nicksautozubehoer\/"]}]}},"_links":{"self":[{"href":"https:\/\/nicks-autozubehoer.de\/en\/wp-json\/wp\/v2\/pages\/777","targetHints":{"allow":["GET"]}}],"collection":[{"href":"https:\/\/nicks-autozubehoer.de\/en\/wp-json\/wp\/v2\/pages"}],"about":[{"href":"https:\/\/nicks-autozubehoer.de\/en\/wp-json\/wp\/v2\/types\/page"}],"author":[{"embeddable":true,"href":"https:\/\/nicks-autozubehoer.de\/en\/wp-json\/wp\/v2\/users\/2"}],"replies":[{"embeddable":true,"href":"https:\/\/nicks-autozubehoer.de\/en\/wp-json\/wp\/v2\/comments?post=777"}],"version-history":[{"count":8,"href":"https:\/\/nicks-autozubehoer.de\/en\/wp-json\/wp\/v2\/pages\/777\/revisions"}],"predecessor-version":[{"id":1345,"href":"https:\/\/nicks-autozubehoer.de\/en\/wp-json\/wp\/v2\/pages\/777\/revisions\/1345"}],"wp:attachment":[{"href":"https:\/\/nicks-autozubehoer.de\/en\/wp-json\/wp\/v2\/media?parent=777"}],"curies":[{"name":"wp","href":"https:\/\/api.w.org\/{rel}","templated":true}]}}